{"id":1075,"date":"2025-12-07T20:17:02","date_gmt":"2025-12-07T20:17:02","guid":{"rendered":"https:\/\/espacelouisgarneau.com\/?page_id=1075"},"modified":"2025-12-08T02:59:04","modified_gmt":"2025-12-08T02:59:04","slug":"lartiste","status":"publish","type":"page","link":"https:\/\/espacelouisgarneau.com\/en\/lartiste\/","title":{"rendered":"The Artist"},"content":{"rendered":"<div data-elementor-type=\"wp-page\" data-elementor-id=\"1075\" class=\"elementor elementor-1075\">\n\t\t\t\t<div class=\"elementor-element elementor-element-673d4d1 e-flex e-con-boxed e-con e-parent\" data-id=\"673d4d1\" data-element_type=\"container\">\n\t\t\t\t\t<div class=\"e-con-inner\">\n\t\t<div class=\"elementor-element elementor-element-753e48b e-con-full e-flex e-con e-child\" data-id=\"753e48b\" data-element_type=\"container\">\n\t\t\t\t<div class=\"elementor-element elementor-element-e95be8e elementor-widget elementor-widget-image\" data-id=\"e95be8e\" data-element_type=\"widget\" data-widget_type=\"image.default\">\n\t\t\t\t\t\t\t\t\t\t\t\t\t\t\t<img fetchpriority=\"high\" decoding=\"async\" width=\"768\" height=\"650\" src=\"https:\/\/espacelouisgarneau.com\/wp-content\/uploads\/2025\/12\/IMG_8235-scaled-e1765159976671-768x650.jpg\" class=\"attachment-medium_large size-medium_large wp-image-1116\" alt=\"\" srcset=\"https:\/\/espacelouisgarneau.com\/wp-content\/uploads\/2025\/12\/IMG_8235-scaled-e1765159976671-768x650.jpg 768w, https:\/\/espacelouisgarneau.com\/wp-content\/uploads\/2025\/12\/IMG_8235-scaled-e1765159976671-300x254.jpg 300w, https:\/\/espacelouisgarneau.com\/wp-content\/uploads\/2025\/12\/IMG_8235-scaled-e1765159976671-1024x867.jpg 1024w, https:\/\/espacelouisgarneau.com\/wp-content\/uploads\/2025\/12\/IMG_8235-scaled-e1765159976671-1536x1300.jpg 1536w, https:\/\/espacelouisgarneau.com\/wp-content\/uploads\/2025\/12\/IMG_8235-scaled-e1765159976671-1000x846.jpg 1000w, https:\/\/espacelouisgarneau.com\/wp-content\/uploads\/2025\/12\/IMG_8235-scaled-e1765159976671-230x195.jpg 230w, https:\/\/espacelouisgarneau.com\/wp-content\/uploads\/2025\/12\/IMG_8235-scaled-e1765159976671-350x296.jpg 350w, https:\/\/espacelouisgarneau.com\/wp-content\/uploads\/2025\/12\/IMG_8235-scaled-e1765159976671-480x406.jpg 480w, https:\/\/espacelouisgarneau.com\/wp-content\/uploads\/2025\/12\/IMG_8235-scaled-e1765159976671.jpg 1770w\" sizes=\"(max-width: 768px) 100vw, 768px\" \/>\t\t\t\t\t\t\t\t\t\t\t\t\t\t\t<\/div>\n\t\t\t\t<\/div>\n\t\t<div class=\"elementor-element elementor-element-4b6faa5 e-con-full e-flex e-con e-child\" data-id=\"4b6faa5\" data-element_type=\"container\" data-settings=\"{&quot;background_background&quot;:&quot;classic&quot;}\">\n\t\t\t\t<div class=\"elementor-element elementor-element-4ecd1f0 elementor-widget elementor-widget-heading\" data-id=\"4ecd1f0\" data-element_type=\"widget\" data-widget_type=\"heading.default\">\n\t\t\t\t\t<h1 class=\"elementor-heading-title elementor-size-default\">I AM<br>\nJE SUIS<\/h1>\t\t\t\t<\/div>\n\t\t\t\t<div class=\"elementor-element elementor-element-8c658d3 elementor-widget elementor-widget-heading\" data-id=\"8c658d3\" data-element_type=\"widget\" data-widget_type=\"heading.default\">\n\t\t\t\t\t<h2 class=\"elementor-heading-title elementor-size-default\">LOUIS GARNEAU<\/h2>\t\t\t\t<\/div>\n\t\t\t\t<\/div>\n\t\t\t\t\t<\/div>\n\t\t\t\t<\/div>\n\t\t<div class=\"elementor-element elementor-element-0426a4f e-flex e-con-boxed e-con e-parent\" data-id=\"0426a4f\" data-element_type=\"container\">\n\t\t\t\t\t<div class=\"e-con-inner\">\n\t\t<div class=\"elementor-element elementor-element-7f5a2e1 e-con-full e-flex e-con e-child\" data-id=\"7f5a2e1\" data-element_type=\"container\">\n\t\t\t\t<div class=\"elementor-element elementor-element-de5e753 elementor-widget elementor-widget-text-editor\" data-id=\"de5e753\" data-element_type=\"widget\" data-widget_type=\"text-editor.default\">\n\t\t\t\t\t\t\t\t\t<p>I\u2019m an Olympian, an internationally renowned businessman and a painter! I\u2019m entering the final chapter of my life and have decided to become an artist of international stature.<\/p><p>I\u2019ve been painting ever since I was young, and I\u2019m a graduate of Universit\u00e9 Laval in visual arts. I\u2019m a contemporary artist who uses digital images, usually from my cell phone. My technique consists of printing series of images which I then color using mixed media. I draw on many influences from art history, particularly Impressionism, Expressionism and contemporary art. I have been led to develop this technique over time because of the hectic pace of my life.<\/p><p>I can\u2019t imagine painting just one picture. I want to express myself through a series of paintings in order to discover the limits of my creativity. As in sport, each painting is altered by series, repetition, energy, and fatigue, creating strong and more fragile images. I often paint famous or unknown human beings, living or gone. I paint them in series to give them new lives, glory, or emotions. I dress them, I color them. I integrate them into exhilarating or sad environments. I paint human beings with their dreams and demons. I paint the emotion that surrounds human beings, whether they are Black, White or any other color. I paint as a tribute to my human brothers and sisters. Colorization, gesture, and movement become life scenarios in my art.<\/p><p>I\u2019m currently back at university, studying art history to continue enriching my work. What a pleasure it is to rub shoulders with inspiring and inspired young creators!<\/p><p>I\u2019ve also decided to set up a foundation called LG ART FACTORY to help athletes and artists through the sale of my productions.<\/p>\t\t\t\t\t\t\t\t<\/div>\n\t\t\t\t<\/div>\n\t\t<div class=\"elementor-element elementor-element-fb8b9bd e-con-full e-flex e-con e-child\" data-id=\"fb8b9bd\" data-element_type=\"container\" data-settings=\"{&quot;background_background&quot;:&quot;classic&quot;}\">\n\t\t\t\t<div class=\"elementor-element elementor-element-a5e3fd1 elementor-widget elementor-widget-text-editor\" data-id=\"a5e3fd1\" data-element_type=\"widget\" data-widget_type=\"text-editor.default\">\n\t\t\t\t\t\t\t\t\t<p>Je suis un olympien, un homme d\u2019affaires de r\u00e9putation internationale et un artiste peintre! J\u2019entame le dernier chapitre de ma vie et ai d\u00e9cid\u00e9 de devenir un artiste d\u2019envergure internationale.<\/p><p>Je n\u2019ai jamais cess\u00e9 de peindre depuis ma jeunesse et suis dipl\u00f4m\u00e9 de l\u2019Universit\u00e9 Laval en arts visuels. Je suis un artiste contemporain qui utilise des images num\u00e9riques provenant g\u00e9n\u00e9ralement de mon cellulaire. Ma technique consiste \u00e0 imprimer des s\u00e9ries d\u2019images que je colore \u00e0 l\u2019aide de techniques mixtes. Je fais appel \u00e0 plusieurs influences de l\u2019histoire de l\u2019art, plus particuli\u00e8rement l\u2019impressionnisme, l\u2019expressionnisme et l\u2019art contemporain. J\u2019ai d\u00e9velopp\u00e9 cette technique au fil du temps, dict\u00e9e par le rythme effr\u00e9n\u00e9 de ma vie.<\/p><p>Je ne peux imaginer peindre un seul tableau. Je veux m\u2019exprimer par le biais d\u2019une s\u00e9rie de toiles, pour d\u00e9couvrir les limites de ma cr\u00e9ativit\u00e9. Comme c\u2019est le cas dans le sport, la s\u00e9rie, la r\u00e9p\u00e9tition, l\u2019\u00e9nergie, la fatigue modifient chaque tableau en cr\u00e9ant des images fortes et plus fragiles. Je peins souvent des humains c\u00e9l\u00e8bres ou inconnus, qui existent ou qui sont disparus. Je les peins en s\u00e9rie pour leur redonner des vies, de la gloire ou des \u00e9motions. Je les habille, je les colore. Je les int\u00e8gre dans des environnements exaltants ou tristes. Je peins l\u2019humain avec ses r\u00eaves et ses d\u00e9mons. Je peins l\u2019\u00e9motion autour de l\u2019humain, qu\u2019il soit noir, blanc ou de toute autre couleur. Je peins pour rendre hommage \u00e0 mes fr\u00e8res et s\u0153urs humains. La colorisation, le geste et le mouvement deviennent des sc\u00e9narios de vie dans mon art.<\/p><p>J\u2019effectue pr\u00e9sentement un retour aux \u00e9tudes universitaires en histoire de l\u2019art, pour continuer \u00e0 enrichir mes \u0153uvres. Quel plaisir de c\u00f4toyer de jeunes cr\u00e9ateurs inspirants et inspir\u00e9s!<\/p><p>J\u2019ai aussi d\u00e9cid\u00e9 de cr\u00e9er une fondation, LG ART FACTORY, pour venir en aide aux athl\u00e8tes et aux artistes gr\u00e2ce \u00e0 la vente de mes productions.<\/p>\t\t\t\t\t\t\t\t<\/div>\n\t\t\t\t<\/div>\n\t\t\t\t\t<\/div>\n\t\t\t\t<\/div>\n\t\t<div class=\"elementor-element elementor-element-faca27e e-flex e-con-boxed e-con e-parent\" data-id=\"faca27e\" data-element_type=\"container\">\n\t\t\t\t\t<div class=\"e-con-inner\">\n\t\t\t\t<div class=\"elementor-element elementor-element-d42ba19 elementor-arrows-position-inside elementor-pagination-position-outside elementor-widget elementor-widget-image-carousel\" data-id=\"d42ba19\" data-element_type=\"widget\" data-settings=\"{&quot;navigation&quot;:&quot;both&quot;,&quot;autoplay&quot;:&quot;yes&quot;,&quot;pause_on_hover&quot;:&quot;yes&quot;,&quot;pause_on_interaction&quot;:&quot;yes&quot;,&quot;autoplay_speed&quot;:5000,&quot;infinite&quot;:&quot;yes&quot;,&quot;speed&quot;:500}\" data-widget_type=\"image-carousel.default\">\n\t\t\t\t\t\t\t<div class=\"elementor-image-carousel-wrapper swiper\" role=\"region\" aria-roledescription=\"carousel\" aria-label=\"Image Carousel\" dir=\"ltr\">\n\t\t\t<div class=\"elementor-image-carousel swiper-wrapper\" aria-live=\"off\">\n\t\t\t\t\t\t\t\t<div class=\"swiper-slide\" role=\"group\" aria-roledescription=\"slide\" aria-label=\"1 of 7\"><figure class=\"swiper-slide-inner\"><img decoding=\"async\" class=\"swiper-slide-image\" src=\"https:\/\/espacelouisgarneau.com\/wp-content\/uploads\/2025\/12\/IMG_7169-e1765160536360-775x1024.png\" alt=\"IMG_7169\" \/><\/figure><\/div><div class=\"swiper-slide\" role=\"group\" aria-roledescription=\"slide\" aria-label=\"2 of 7\"><figure class=\"swiper-slide-inner\"><img decoding=\"async\" class=\"swiper-slide-image\" src=\"https:\/\/espacelouisgarneau.com\/wp-content\/uploads\/2025\/12\/IMG_8107-768x1024.jpg\" alt=\"IMG_8107\" \/><\/figure><\/div><div class=\"swiper-slide\" role=\"group\" aria-roledescription=\"slide\" aria-label=\"3 of 7\"><figure class=\"swiper-slide-inner\"><img decoding=\"async\" class=\"swiper-slide-image\" src=\"https:\/\/espacelouisgarneau.com\/wp-content\/uploads\/2025\/12\/IMG_9717-768x1024.jpg\" alt=\"IMG_9717\" \/><\/figure><\/div><div class=\"swiper-slide\" role=\"group\" aria-roledescription=\"slide\" aria-label=\"4 of 7\"><figure class=\"swiper-slide-inner\"><img decoding=\"async\" class=\"swiper-slide-image\" src=\"https:\/\/espacelouisgarneau.com\/wp-content\/uploads\/2025\/12\/IMG_9742-768x1024.jpg\" alt=\"IMG_9742\" \/><\/figure><\/div><div class=\"swiper-slide\" role=\"group\" aria-roledescription=\"slide\" aria-label=\"5 of 7\"><figure class=\"swiper-slide-inner\"><img decoding=\"async\" class=\"swiper-slide-image\" src=\"https:\/\/espacelouisgarneau.com\/wp-content\/uploads\/2025\/12\/IMG_9901-768x1024.jpg\" alt=\"IMG_9901\" \/><\/figure><\/div><div class=\"swiper-slide\" role=\"group\" aria-roledescription=\"slide\" aria-label=\"6 of 7\"><figure class=\"swiper-slide-inner\"><img decoding=\"async\" class=\"swiper-slide-image\" src=\"https:\/\/espacelouisgarneau.com\/wp-content\/uploads\/2025\/12\/IMG_9693-768x1024.jpg\" alt=\"IMG_9693\" \/><\/figure><\/div><div class=\"swiper-slide\" role=\"group\" aria-roledescription=\"slide\" aria-label=\"7 of 7\"><figure class=\"swiper-slide-inner\"><img decoding=\"async\" class=\"swiper-slide-image\" src=\"https:\/\/espacelouisgarneau.com\/wp-content\/uploads\/2025\/12\/IMG_2023-1024x768.jpg\" alt=\"IMG_2023\" \/><\/figure><\/div>\t\t\t<\/div>\n\t\t\t\t\t\t\t\t\t\t\t\t<div class=\"elementor-swiper-button elementor-swiper-button-prev\" role=\"button\" tabindex=\"0\">\n\t\t\t\t\t\t<svg aria-hidden=\"true\" class=\"e-font-icon-svg e-eicon-chevron-left\" viewbox=\"0 0 1000 1000\" xmlns=\"http:\/\/www.w3.org\/2000\/svg\"><path d=\"M646 125C629 125 613 133 604 142L308 442C296 454 292 471 292 487 292 504 296 521 308 533L604 854C617 867 629 875 646 875 663 875 679 871 692 858 704 846 713 829 713 812 713 796 708 779 692 767L438 487 692 225C700 217 708 204 708 187 708 171 704 154 692 142 675 129 663 125 646 125Z\"><\/path><\/svg>\t\t\t\t\t<\/div>\n\t\t\t\t\t<div class=\"elementor-swiper-button elementor-swiper-button-next\" role=\"button\" tabindex=\"0\">\n\t\t\t\t\t\t<svg aria-hidden=\"true\" class=\"e-font-icon-svg e-eicon-chevron-right\" viewbox=\"0 0 1000 1000\" xmlns=\"http:\/\/www.w3.org\/2000\/svg\"><path d=\"M696 533C708 521 713 504 713 487 713 471 708 454 696 446L400 146C388 133 375 125 354 125 338 125 325 129 313 142 300 154 292 171 292 187 292 204 296 221 308 233L563 492 304 771C292 783 288 800 288 817 288 833 296 850 308 863 321 871 338 875 354 875 371 875 388 867 400 854L696 533Z\"><\/path><\/svg>\t\t\t\t\t<\/div>\n\t\t\t\t\n\t\t\t\t\t\t\t\t\t<div class=\"swiper-pagination\"><\/div>\n\t\t\t\t\t\t\t\t\t<\/div>\n\t\t\t\t\t\t<\/div>\n\t\t\t\t\t<\/div>\n\t\t\t\t<\/div>\n\t\t<div class=\"elementor-element elementor-element-418db42 e-flex e-con-boxed e-con e-parent\" data-id=\"418db42\" data-element_type=\"container\">\n\t\t\t\t\t<div class=\"e-con-inner\">\n\t\t\t\t<div class=\"elementor-element elementor-element-b0a86d6 elementor-widget elementor-widget-video\" data-id=\"b0a86d6\" data-element_type=\"widget\" data-settings=\"{&quot;video_type&quot;:&quot;hosted&quot;,&quot;controls&quot;:&quot;yes&quot;}\" data-widget_type=\"video.default\">\n\t\t\t\t\t\t\t<div class=\"e-hosted-video elementor-wrapper elementor-open-inline\">\n\t\t\t\t\t<video class=\"elementor-video\" src=\"https:\/\/espacelouisgarneau.com\/wp-content\/uploads\/2025\/12\/lg_art_factory_-_major_taylor_art_tribute-1080p.mp4\" controls=\"\" preload=\"metadata\" controlslist=\"nodownload\"><\/video>\n\t\t\t\t<\/div>\n\t\t\t\t\t\t<\/div>\n\t\t\t\t<div class=\"elementor-element elementor-element-89c186a elementor-widget elementor-widget-heading\" data-id=\"89c186a\" data-element_type=\"widget\" data-widget_type=\"heading.default\">\n\t\t\t\t\t<h2 class=\"elementor-heading-title elementor-size-default\">LG Art Factory - Major Taylor Art Tribute <\/h2>\t\t\t\t<\/div>\n\t\t\t\t\t<\/div>\n\t\t\t\t<\/div>\n\t\t<div class=\"elementor-element elementor-element-964f4a7 e-flex e-con-boxed e-con e-parent\" data-id=\"964f4a7\" data-element_type=\"container\">\n\t\t\t\t\t<div class=\"e-con-inner\">\n\t\t\t\t<div class=\"elementor-element elementor-element-1a61ee3 elementor-widget elementor-widget-video\" data-id=\"1a61ee3\" data-element_type=\"widget\" data-settings=\"{&quot;video_type&quot;:&quot;hosted&quot;,&quot;controls&quot;:&quot;yes&quot;}\" data-widget_type=\"video.default\">\n\t\t\t\t\t\t\t<div class=\"e-hosted-video elementor-wrapper elementor-open-inline\">\n\t\t\t\t\t<video class=\"elementor-video\" src=\"https:\/\/cdn.shopify.com\/videos\/c\/o\/v\/8c3d2dd98a024dac8b7ddb8e4859d4c7.mp4\" controls=\"\" preload=\"metadata\" controlslist=\"nodownload\"><\/video>\n\t\t\t\t<\/div>\n\t\t\t\t\t\t<\/div>\n\t\t\t\t\t<\/div>\n\t\t\t\t<\/div>\n\t\t<div class=\"elementor-element elementor-element-8717330 e-flex e-con-boxed e-con e-parent\" data-id=\"8717330\" data-element_type=\"container\">\n\t\t\t\t\t<div class=\"e-con-inner\">\n\t\t\t\t<div class=\"elementor-element elementor-element-4fed2e9 elementor-widget elementor-widget-video\" data-id=\"4fed2e9\" data-element_type=\"widget\" data-settings=\"{&quot;youtube_url&quot;:&quot;https:\\\/\\\/youtu.be\\\/Xp2u85Dls9g?si=SdHtmZQKTEdsYaJI&quot;,&quot;video_type&quot;:&quot;youtube&quot;,&quot;controls&quot;:&quot;yes&quot;}\" data-widget_type=\"video.default\">\n\t\t\t\t\t\t\t<div class=\"elementor-wrapper elementor-open-inline\">\n\t\t\t<div class=\"elementor-video\"><\/div>\t\t<\/div>\n\t\t\t\t\t\t<\/div>\n\t\t\t\t\t<\/div>\n\t\t\t\t<\/div>\n\t\t<div class=\"elementor-element elementor-element-e8f401b e-flex e-con-boxed e-con e-parent\" data-id=\"e8f401b\" data-element_type=\"container\">\n\t\t\t\t\t<div class=\"e-con-inner\">\n\t\t\t\t<div class=\"elementor-element elementor-element-c625e73 elementor-widget elementor-widget-video\" data-id=\"c625e73\" data-element_type=\"widget\" data-settings=\"{&quot;youtube_url&quot;:&quot;https:\\\/\\\/youtu.be\\\/h9IBjBIemxQ?si=NfkYp84JMnc-GE8m&quot;,&quot;video_type&quot;:&quot;youtube&quot;,&quot;controls&quot;:&quot;yes&quot;}\" data-widget_type=\"video.default\">\n\t\t\t\t\t\t\t<div class=\"elementor-wrapper elementor-open-inline\">\n\t\t\t<div class=\"elementor-video\"><\/div>\t\t<\/div>\n\t\t\t\t\t\t<\/div>\n\t\t\t\t\t<\/div>\n\t\t\t\t<\/div>\n\t\t<div class=\"elementor-element elementor-element-3e01f0a e-flex e-con-boxed e-con e-parent\" data-id=\"3e01f0a\" data-element_type=\"container\">\n\t\t\t\t\t<div class=\"e-con-inner\">\n\t\t\t\t<div class=\"elementor-element elementor-element-175389f elementor-widget elementor-widget-video\" data-id=\"175389f\" data-element_type=\"widget\" data-settings=\"{&quot;youtube_url&quot;:&quot;https:\\\/\\\/youtu.be\\\/TDivjItJQ48?si=eEoK56osZTMCvmW4&quot;,&quot;video_type&quot;:&quot;youtube&quot;,&quot;controls&quot;:&quot;yes&quot;}\" data-widget_type=\"video.default\">\n\t\t\t\t\t\t\t<div class=\"elementor-wrapper elementor-open-inline\">\n\t\t\t<div class=\"elementor-video\"><\/div>\t\t<\/div>\n\t\t\t\t\t\t<\/div>\n\t\t\t\t\t<\/div>\n\t\t\t\t<\/div>\n\t\t<div class=\"elementor-element elementor-element-12c5348 e-flex e-con-boxed e-con e-parent\" data-id=\"12c5348\" data-element_type=\"container\">\n\t\t\t\t\t<div class=\"e-con-inner\">\n\t\t\t\t<div class=\"elementor-element elementor-element-af36a28 elementor-widget elementor-widget-video\" data-id=\"af36a28\" data-element_type=\"widget\" data-settings=\"{&quot;youtube_url&quot;:&quot;https:\\\/\\\/youtu.be\\\/SXR7KXCE-Hk?si=xPWFADxJAZmF_zsb&quot;,&quot;video_type&quot;:&quot;youtube&quot;,&quot;controls&quot;:&quot;yes&quot;}\" data-widget_type=\"video.default\">\n\t\t\t\t\t\t\t<div class=\"elementor-wrapper elementor-open-inline\">\n\t\t\t<div class=\"elementor-video\"><\/div>\t\t<\/div>\n\t\t\t\t\t\t<\/div>\n\t\t\t\t\t<\/div>\n\t\t\t\t<\/div>\n\t\t<div class=\"elementor-element elementor-element-981f423 e-flex e-con-boxed e-con e-parent\" data-id=\"981f423\" data-element_type=\"container\">\n\t\t\t\t\t<div class=\"e-con-inner\">\n\t\t\t\t<div class=\"elementor-element elementor-element-e0ec997 elementor-widget elementor-widget-video\" data-id=\"e0ec997\" data-element_type=\"widget\" data-settings=\"{&quot;youtube_url&quot;:&quot;https:\\\/\\\/youtu.be\\\/YYOj1Q-mNIs?si=yfgAanjVZaWG-qen&quot;,&quot;video_type&quot;:&quot;youtube&quot;,&quot;controls&quot;:&quot;yes&quot;}\" data-widget_type=\"video.default\">\n\t\t\t\t\t\t\t<div class=\"elementor-wrapper elementor-open-inline\">\n\t\t\t<div class=\"elementor-video\"><\/div>\t\t<\/div>\n\t\t\t\t\t\t<\/div>\n\t\t\t\t\t<\/div>\n\t\t\t\t<\/div>\n\t\t<div class=\"elementor-element elementor-element-9fbc380 e-flex e-con-boxed e-con e-parent\" data-id=\"9fbc380\" data-element_type=\"container\">\n\t\t\t\t\t<div class=\"e-con-inner\">\n\t\t\t\t<div class=\"elementor-element elementor-element-6694944 elementor-widget-divider--view-line elementor-widget elementor-widget-divider\" data-id=\"6694944\" data-element_type=\"widget\" data-widget_type=\"divider.default\">\n\t\t\t\t\t\t\t<div class=\"elementor-divider\">\n\t\t\t<span class=\"elementor-divider-separator\">\n\t\t\t\t\t\t<\/span>\n\t\t<\/div>\n\t\t\t\t\t\t<\/div>\n\t\t\t\t<div class=\"elementor-element elementor-element-abd978a elementor-widget elementor-widget-heading\" data-id=\"abd978a\" data-element_type=\"widget\" data-widget_type=\"heading.default\">\n\t\t\t\t\t<h2 class=\"elementor-heading-title elementor-size-default\">CV Artistique<\/h2>\t\t\t\t<\/div>\n\t\t\t\t\t<\/div>\n\t\t\t\t<\/div>\n\t\t<div class=\"elementor-element elementor-element-70ad30f e-flex e-con-boxed e-con e-parent\" data-id=\"70ad30f\" data-element_type=\"container\">\n\t\t\t\t\t<div class=\"e-con-inner\">\n\t\t\t\t<div class=\"elementor-element elementor-element-62683a5 elementor-widget elementor-widget-text-editor\" data-id=\"62683a5\" data-element_type=\"widget\" data-widget_type=\"text-editor.default\">\n\t\t\t\t\t\t\t\t\t<p>Originaire de Sainte-Foy, le peintre Louis Garneau a fait ses \u00e9tudes en <strong>arts visuels<\/strong> \u00e0 l&rsquo;<strong>Universit\u00e9 Laval (1981-83)<\/strong> et est boursier de l&rsquo;Universit\u00e9 en 1983.<\/p><p>Au cours des 40 derni\u00e8res ann\u00e9es, Louis Garneau a r\u00e9alis\u00e9 <strong>plusieurs expositions individuelles,<\/strong> entre autres:<\/p><p><strong>1983<\/strong> | Galerie art visuel Universit\u00e9 Laval<\/p><p><strong>1992<\/strong> | Centre culturel d&rsquo;Amos<\/p><p><strong>1997<\/strong> | Galerie Lacerte (sur mon 36)<\/p><p><strong>2008<\/strong> | Galerie industriel LG (Culture physique)<\/p><p><strong>2012<\/strong> | Galerie du MNBAQ (Le monde) et Galerie industrielle LG (Le monde)<\/p><p><strong>2013<\/strong> | Galerie industrielle LG (vue)<\/p><p><strong>2014<\/strong> | Galerie industrielle LG (LG Rwanda)<\/p><p><strong>2016<\/strong> | Galerie industrielle LG (USA Flag)<\/p><p><strong>2019<\/strong> | Galerie LG Art Factory (Solitude)<\/p><p><strong>2020<\/strong> | Galerie LG Art Factory (12 lives holocauste)<\/p><p><strong>2024<\/strong> | Galerie Worcester USA (Resilience)<\/p><p><strong>2025<\/strong> | Worcester MuseumUSA (Resilience 1\/13)<\/p><p><strong>Louis Garneau<\/strong> est repr\u00e9sent\u00e9 dans les collections de <strong>plusieurs institutions publiques et priv\u00e9es<\/strong> dont :<\/p><ul><li>le <strong>Mus\u00e9e National des beaux-arts <\/strong>de<strong> Qu\u00e9bec<\/strong><\/li><li>le <strong>Mus\u00e9e National des beaux-arts <\/strong>de<strong> Baie St. Paul<\/strong><\/li><li>le <strong>Mus\u00e9e de Worcester, Massachusetts, USA<\/strong><\/li><li>la <strong>Banque de Montr\u00e9al<\/strong><\/li><li>la <strong>Banque Nationale (St\u00e9phane Achard)<\/strong><\/li><li>Cascades <strong>Alain Lemaire<\/strong><\/li><li>Qu\u00e9b\u00e9cor <strong>Pierre Karl P\u00e9ladeau<\/strong><\/li><li>Famille <strong>Pierre Lassonde<\/strong><\/li><li>Famille <strong>Germain <\/strong>(Hotels Germain)<\/li><li>Famille <strong>Yvon Charest<\/strong><\/li><li>Famille <strong>Placide<\/strong> <strong>Poulin<\/strong><\/li><li><strong>Marc Bellemare<\/strong><\/li><li>Famille <strong>Jean Coutu <\/strong>(pharmacies)<\/li><li><strong>Cirque du Soleil<\/strong><\/li><li><strong>Lance Armstrong<\/strong><\/li><\/ul><p>Il figure \u00e9galement dans des <strong>nombreuses collections priv\u00e9es canadienne et am\u00e9ricaine<\/strong>.<\/p><ol><li>Olympien 1980-1984<\/li><li>Membre de l\u2019Ordre du Qu\u00e9bec<\/li><li>Membre de l\u2019Ordre du Canada<\/li><\/ol>\t\t\t\t\t\t\t\t<\/div>\n\t\t\t\t\t<\/div>\n\t\t\t\t<\/div>\n\t\t\t\t<\/div>","protected":false},"excerpt":{"rendered":"<p>I AM JE SUIS LOUIS GARNEAU I\u2019m an Olympian, an internationally renowned businessman and a painter! I\u2019m entering the final chapter of [&hellip;]<\/p>","protected":false},"author":1,"featured_media":0,"parent":0,"menu_order":0,"comment_status":"closed","ping_status":"closed","template":"","meta":{"footnotes":""},"class_list":["post-1075","page","type-page","status-publish","hentry"],"_links":{"self":[{"href":"https:\/\/espacelouisgarneau.com\/en\/wp-json\/wp\/v2\/pages\/1075","targetHints":{"allow":["GET"]}}],"collection":[{"href":"https:\/\/espacelouisgarneau.com\/en\/wp-json\/wp\/v2\/pages"}],"about":[{"href":"https:\/\/espacelouisgarneau.com\/en\/wp-json\/wp\/v2\/types\/page"}],"author":[{"embeddable":true,"href":"https:\/\/espacelouisgarneau.com\/en\/wp-json\/wp\/v2\/users\/1"}],"replies":[{"embeddable":true,"href":"https:\/\/espacelouisgarneau.com\/en\/wp-json\/wp\/v2\/comments?post=1075"}],"version-history":[{"count":16,"href":"https:\/\/espacelouisgarneau.com\/en\/wp-json\/wp\/v2\/pages\/1075\/revisions"}],"predecessor-version":[{"id":1142,"href":"https:\/\/espacelouisgarneau.com\/en\/wp-json\/wp\/v2\/pages\/1075\/revisions\/1142"}],"wp:attachment":[{"href":"https:\/\/espacelouisgarneau.com\/en\/wp-json\/wp\/v2\/media?parent=1075"}],"curies":[{"name":"wp","href":"https:\/\/api.w.org\/{rel}","templated":true}]}}